{"id":1758,"date":"2024-11-14T12:14:34","date_gmt":"2024-11-14T11:14:34","guid":{"rendered":"https:\/\/tuzi.travel\/?page_id=1758"},"modified":"2025-06-19T23:47:02","modified_gmt":"2025-06-19T21:47:02","slug":"mobilna-aplikacija","status":"publish","type":"page","link":"https:\/\/tuzi.travel\/me\/mobilna-aplikacija\/","title":{"rendered":"Mobilna Aplikacija"},"content":{"rendered":"<div data-elementor-type=\"wp-page\" data-elementor-id=\"1758\" class=\"elementor elementor-1758\" data-elementor-post-type=\"page\">\n\t\t\t\t\t\t<section class=\"elementor-section elementor-top-section elementor-element elementor-element-75dd0f9 elementor-section-boxed elementor-section-height-default elementor-section-height-default\" data-id=\"75dd0f9\" data-element_type=\"section\">\n\t\t\t\t\t\t<div class=\"elementor-container elementor-column-gap-default\">\n\t\t\t\t\t<div class=\"elementor-column elementor-col-100 elementor-top-column elementor-element elementor-element-d4689b1\" data-id=\"d4689b1\" data-element_type=\"column\">\n\t\t\t<div class=\"elementor-widget-wrap elementor-element-populated\">\n\t\t\t\t\t\t<div class=\"elementor-element elementor-element-8d673c5 elementor-widget elementor-widget-text-editor\" data-id=\"8d673c5\" data-element_type=\"widget\" data-widget_type=\"text-editor.default\">\n\t\t\t\t<div class=\"elementor-widget-container\">\n\t\t\t\t\t\t\t\t\t<p>Preuzmite na\u0161u mobilnu aplikaciju za lako i prakti\u010dno kori\u0161tenje<\/p>\n<p><!-- \/wp:paragraph --><\/p>\n<p><!-- wp:paragraph --><\/p>\n<p><strong>Tuzi Travel App &#8211; <\/strong><strong data-start=\"96\" data-end=\"187\">Skenirajte ovaj QR kod ili pretra\u017eite &#8220;I Love Tuzi&#8221; u App Store-u ili Play Store-u da biste instalirali.<\/strong><\/p>\n<!-- wp:group {\"layout\":{\"type\":\"flex\",\"flexWrap\":\"nowrap\"}} -->\n<div class=\"wp-block-group\" style=\"display: flex; gap: 10px;\"><!-- wp:image {\"lightbox\":{\"enabled\":false},\"id\":886,\"sizeSlug\":\"full\",\"linkDestination\":\"custom\"} -->\n<figure class=\"wp-block-image size-full\"><a href=\"https:\/\/apps.apple.com\/us\/app\/i-love-tuzi\/id6747284374?platform=iphone\" target=\"_blank\" rel=\"noopener\"><img decoding=\"async\" width=\"262\" height=\"135\" class=\"wp-image-886\" src=\"https:\/\/tuzi.travel\/wp-content\/uploads\/2024\/11\/download-on-the-app-store-qjrnsowk54a7ejimz6nfbofjh6hbsee7d1lve1jytc.png\" alt=\"\" \/><\/a><\/figure>\n<!-- \/wp:image -->\n\n<!-- wp:image {\"lightbox\":{\"enabled\":false},\"id\":889,\"sizeSlug\":\"full\",\"linkDestination\":\"custom\"} -->\n<figure class=\"wp-block-image size-full\"><a href=\"https:\/\/play.google.com\/store\/apps\/details?id=me.ilovetuzi.app\" target=\"_blank\" rel=\"noopener\"><img decoding=\"async\" width=\"262\" height=\"135\" class=\"wp-image-889\" src=\"https:\/\/tuzi.travel\/wp-content\/uploads\/2024\/11\/get-it-on-google-play-qjrnsowk54a7ejimz6nfbofjh6hbsee7d1lve1jytc.png\" alt=\"\" \/><\/a><\/figure>\n<!-- \/wp:image -->\n\n<!-- wp:image {\"id\":890,\"sizeSlug\":\"large\",\"linkDestination\":\"none\"} -->\n<figure class=\"wp-block-image size-large\"><img decoding=\"async\" class=\"wp-image-890\" style=\"height: 135px;\" src=\"https:\/\/tuzi.travel\/wp-content\/uploads\/2025\/06\/i-love-tuzi-app-static-qr-code-0df4204fccaee4a7d44c7f6dec0dc688.svg\" alt=\"\" \/><\/figure>\n<!-- \/wp:image --><\/div>\n<!-- \/wp:group -->\n\n<!-- wp:paragraph -->\n<p>&nbsp;<\/p>\n<!-- \/wp:paragraph -->\t\t\t\t\t\t\t\t<\/div>\n\t\t\t\t<\/div>\n\t\t\t\t\t<\/div>\n\t\t<\/div>\n\t\t\t\t\t<\/div>\n\t\t<\/section>\n\t\t\t\t<\/div>","protected":false},"excerpt":{"rendered":"<p>Preuzmite na\u0161u mobilnu aplikaciju za lako i prakti\u010dno kori\u0161tenje Tuzi Travel App &#8211; Skenirajte ovaj QR kod ili pretra\u017eite &#8220;I Love Tuzi&#8221; u App Store-u ili Play Store-u da biste [&hellip;]<\/p>","protected":false},"author":1,"featured_media":0,"parent":0,"menu_order":0,"comment_status":"closed","ping_status":"closed","template":"","meta":{"inline_featured_image":false,"footnotes":""},"class_list":["post-1758","page","type-page","status-publish","hentry"],"yoast_head":"<!-- This site is optimized with the Yoast SEO plugin v26.4 - https:\/\/yoast.com\/wordpress\/plugins\/seo\/ -->\n<title>Mobilna Aplikacija - Tuzi Travel<\/title>\n<meta name=\"robots\" content=\"index, follow, max-snippet:-1, max-image-preview:large, max-video-preview:-1\" \/>\n<link rel=\"canonical\" href=\"https:\/\/tuzi.travel\/me\/mobilna-aplikacija\/\" \/>\n<meta property=\"og:locale\" content=\"en_US\" \/>\n<meta property=\"og:type\" content=\"article\" \/>\n<meta property=\"og:title\" content=\"Mobilna Aplikacija - Tuzi Travel\" \/>\n<meta property=\"og:description\" content=\"Preuzmite na\u0161u mobilnu aplikaciju za lako i prakti\u010dno kori\u0161tenje Tuzi Travel App &#8211; Skenirajte ovaj QR kod ili pretra\u017eite &#8220;I Love Tuzi&#8221; u App Store-u ili Play Store-u da biste [&hellip;]\" \/>\n<meta property=\"og:url\" content=\"https:\/\/tuzi.travel\/me\/mobilna-aplikacija\/\" \/>\n<meta property=\"og:site_name\" content=\"Tuzi Travel\" \/>\n<meta property=\"article:publisher\" content=\"https:\/\/www.facebook.com\/traveltuzi\" \/>\n<meta property=\"article:modified_time\" content=\"2025-06-19T21:47:02+00:00\" \/>\n<meta property=\"og:image\" content=\"https:\/\/tuzi.travel\/wp-content\/uploads\/2024\/11\/download-on-the-app-store-qjrnsowk54a7ejimz6nfbofjh6hbsee7d1lve1jytc.png\" \/>\n\t<meta property=\"og:image:width\" content=\"262\" \/>\n\t<meta property=\"og:image:height\" content=\"135\" \/>\n\t<meta property=\"og:image:type\" content=\"image\/png\" \/>\n<meta name=\"twitter:card\" content=\"summary_large_image\" \/>\n<meta name=\"twitter:label1\" content=\"Est. reading time\" \/>\n\t<meta name=\"twitter:data1\" content=\"1 minute\" \/>\n<script type=\"application\/ld+json\" class=\"yoast-schema-graph\">{\"@context\":\"https:\/\/schema.org\",\"@graph\":[{\"@type\":\"WebPage\",\"@id\":\"https:\/\/tuzi.travel\/me\/mobilna-aplikacija\/\",\"url\":\"https:\/\/tuzi.travel\/me\/mobilna-aplikacija\/\",\"name\":\"Mobilna Aplikacija - Tuzi Travel\",\"isPartOf\":{\"@id\":\"https:\/\/tuzi.travel\/me\/#website\"},\"primaryImageOfPage\":{\"@id\":\"https:\/\/tuzi.travel\/me\/mobilna-aplikacija\/#primaryimage\"},\"image\":{\"@id\":\"https:\/\/tuzi.travel\/me\/mobilna-aplikacija\/#primaryimage\"},\"thumbnailUrl\":\"https:\/\/tuzi.travel\/wp-content\/uploads\/2024\/11\/download-on-the-app-store-qjrnsowk54a7ejimz6nfbofjh6hbsee7d1lve1jytc.png\",\"datePublished\":\"2024-11-14T11:14:34+00:00\",\"dateModified\":\"2025-06-19T21:47:02+00:00\",\"breadcrumb\":{\"@id\":\"https:\/\/tuzi.travel\/me\/mobilna-aplikacija\/#breadcrumb\"},\"inLanguage\":\"me\",\"potentialAction\":[{\"@type\":\"ReadAction\",\"target\":[\"https:\/\/tuzi.travel\/me\/mobilna-aplikacija\/\"]}]},{\"@type\":\"ImageObject\",\"inLanguage\":\"me\",\"@id\":\"https:\/\/tuzi.travel\/me\/mobilna-aplikacija\/#primaryimage\",\"url\":\"https:\/\/tuzi.travel\/wp-content\/uploads\/2024\/11\/download-on-the-app-store-qjrnsowk54a7ejimz6nfbofjh6hbsee7d1lve1jytc.png\",\"contentUrl\":\"https:\/\/tuzi.travel\/wp-content\/uploads\/2024\/11\/download-on-the-app-store-qjrnsowk54a7ejimz6nfbofjh6hbsee7d1lve1jytc.png\"},{\"@type\":\"BreadcrumbList\",\"@id\":\"https:\/\/tuzi.travel\/me\/mobilna-aplikacija\/#breadcrumb\",\"itemListElement\":[{\"@type\":\"ListItem\",\"position\":1,\"name\":\"Home\",\"item\":\"https:\/\/tuzi.travel\/me\/naslovna\/\"},{\"@type\":\"ListItem\",\"position\":2,\"name\":\"Mobilna Aplikacija\"}]},{\"@type\":\"WebSite\",\"@id\":\"https:\/\/tuzi.travel\/me\/#website\",\"url\":\"https:\/\/tuzi.travel\/me\/\",\"name\":\"Tuzi Travel\",\"description\":\"Discover Tuzi\",\"publisher\":{\"@id\":\"https:\/\/tuzi.travel\/me\/#organization\"},\"potentialAction\":[{\"@type\":\"SearchAction\",\"target\":{\"@type\":\"EntryPoint\",\"urlTemplate\":\"https:\/\/tuzi.travel\/me\/?s={search_term_string}\"},\"query-input\":{\"@type\":\"PropertyValueSpecification\",\"valueRequired\":true,\"valueName\":\"search_term_string\"}}],\"inLanguage\":\"me\"},{\"@type\":\"Organization\",\"@id\":\"https:\/\/tuzi.travel\/me\/#organization\",\"name\":\"Tuzi Travel\",\"url\":\"https:\/\/tuzi.travel\/me\/\",\"logo\":{\"@type\":\"ImageObject\",\"inLanguage\":\"me\",\"@id\":\"https:\/\/tuzi.travel\/me\/#\/schema\/logo\/image\/\",\"url\":\"https:\/\/tuzi.travel\/wp-content\/uploads\/2024\/11\/tuzi-travel-logo-vector-fav-icon.svg\",\"contentUrl\":\"https:\/\/tuzi.travel\/wp-content\/uploads\/2024\/11\/tuzi-travel-logo-vector-fav-icon.svg\",\"width\":518,\"height\":391,\"caption\":\"Tuzi Travel\"},\"image\":{\"@id\":\"https:\/\/tuzi.travel\/me\/#\/schema\/logo\/image\/\"},\"sameAs\":[\"https:\/\/www.facebook.com\/traveltuzi\",\"https:\/\/www.instagram.com\/traveltuzi\/\"]}]}<\/script>\n<!-- \/ Yoast SEO plugin. -->","yoast_head_json":{"title":"Mobilna Aplikacija - Tuzi Travel","robots":{"index":"index","follow":"follow","max-snippet":"max-snippet:-1","max-image-preview":"max-image-preview:large","max-video-preview":"max-video-preview:-1"},"canonical":"https:\/\/tuzi.travel\/me\/mobilna-aplikacija\/","og_locale":"en_US","og_type":"article","og_title":"Mobilna Aplikacija - Tuzi Travel","og_description":"Preuzmite na\u0161u mobilnu aplikaciju za lako i prakti\u010dno kori\u0161tenje Tuzi Travel App &#8211; Skenirajte ovaj QR kod ili pretra\u017eite &#8220;I Love Tuzi&#8221; u App Store-u ili Play Store-u da biste [&hellip;]","og_url":"https:\/\/tuzi.travel\/me\/mobilna-aplikacija\/","og_site_name":"Tuzi Travel","article_publisher":"https:\/\/www.facebook.com\/traveltuzi","article_modified_time":"2025-06-19T21:47:02+00:00","og_image":[{"width":262,"height":135,"url":"https:\/\/tuzi.travel\/wp-content\/uploads\/2024\/11\/download-on-the-app-store-qjrnsowk54a7ejimz6nfbofjh6hbsee7d1lve1jytc.png","type":"image\/png"}],"twitter_card":"summary_large_image","twitter_misc":{"Est. reading time":"1 minute"},"schema":{"@context":"https:\/\/schema.org","@graph":[{"@type":"WebPage","@id":"https:\/\/tuzi.travel\/me\/mobilna-aplikacija\/","url":"https:\/\/tuzi.travel\/me\/mobilna-aplikacija\/","name":"Mobilna Aplikacija - Tuzi Travel","isPartOf":{"@id":"https:\/\/tuzi.travel\/me\/#website"},"primaryImageOfPage":{"@id":"https:\/\/tuzi.travel\/me\/mobilna-aplikacija\/#primaryimage"},"image":{"@id":"https:\/\/tuzi.travel\/me\/mobilna-aplikacija\/#primaryimage"},"thumbnailUrl":"https:\/\/tuzi.travel\/wp-content\/uploads\/2024\/11\/download-on-the-app-store-qjrnsowk54a7ejimz6nfbofjh6hbsee7d1lve1jytc.png","datePublished":"2024-11-14T11:14:34+00:00","dateModified":"2025-06-19T21:47:02+00:00","breadcrumb":{"@id":"https:\/\/tuzi.travel\/me\/mobilna-aplikacija\/#breadcrumb"},"inLanguage":"me","potentialAction":[{"@type":"ReadAction","target":["https:\/\/tuzi.travel\/me\/mobilna-aplikacija\/"]}]},{"@type":"ImageObject","inLanguage":"me","@id":"https:\/\/tuzi.travel\/me\/mobilna-aplikacija\/#primaryimage","url":"https:\/\/tuzi.travel\/wp-content\/uploads\/2024\/11\/download-on-the-app-store-qjrnsowk54a7ejimz6nfbofjh6hbsee7d1lve1jytc.png","contentUrl":"https:\/\/tuzi.travel\/wp-content\/uploads\/2024\/11\/download-on-the-app-store-qjrnsowk54a7ejimz6nfbofjh6hbsee7d1lve1jytc.png"},{"@type":"BreadcrumbList","@id":"https:\/\/tuzi.travel\/me\/mobilna-aplikacija\/#breadcrumb","itemListElement":[{"@type":"ListItem","position":1,"name":"Home","item":"https:\/\/tuzi.travel\/me\/naslovna\/"},{"@type":"ListItem","position":2,"name":"Mobilna Aplikacija"}]},{"@type":"WebSite","@id":"https:\/\/tuzi.travel\/me\/#website","url":"https:\/\/tuzi.travel\/me\/","name":"Tuzi Travel","description":"Discover Tuzi","publisher":{"@id":"https:\/\/tuzi.travel\/me\/#organization"},"potentialAction":[{"@type":"SearchAction","target":{"@type":"EntryPoint","urlTemplate":"https:\/\/tuzi.travel\/me\/?s={search_term_string}"},"query-input":{"@type":"PropertyValueSpecification","valueRequired":true,"valueName":"search_term_string"}}],"inLanguage":"me"},{"@type":"Organization","@id":"https:\/\/tuzi.travel\/me\/#organization","name":"Tuzi Travel","url":"https:\/\/tuzi.travel\/me\/","logo":{"@type":"ImageObject","inLanguage":"me","@id":"https:\/\/tuzi.travel\/me\/#\/schema\/logo\/image\/","url":"https:\/\/tuzi.travel\/wp-content\/uploads\/2024\/11\/tuzi-travel-logo-vector-fav-icon.svg","contentUrl":"https:\/\/tuzi.travel\/wp-content\/uploads\/2024\/11\/tuzi-travel-logo-vector-fav-icon.svg","width":518,"height":391,"caption":"Tuzi Travel"},"image":{"@id":"https:\/\/tuzi.travel\/me\/#\/schema\/logo\/image\/"},"sameAs":["https:\/\/www.facebook.com\/traveltuzi","https:\/\/www.instagram.com\/traveltuzi\/"]}]}},"lang":"me","translations":{"me":1758,"en":885,"sq":1760},"jetpack_sharing_enabled":true,"_links":{"self":[{"href":"https:\/\/tuzi.travel\/me\/wp-json\/wp\/v2\/pages\/1758","targetHints":{"allow":["GET"]}}],"collection":[{"href":"https:\/\/tuzi.travel\/me\/wp-json\/wp\/v2\/pages"}],"about":[{"href":"https:\/\/tuzi.travel\/me\/wp-json\/wp\/v2\/types\/page"}],"author":[{"embeddable":true,"href":"https:\/\/tuzi.travel\/me\/wp-json\/wp\/v2\/users\/1"}],"replies":[{"embeddable":true,"href":"https:\/\/tuzi.travel\/me\/wp-json\/wp\/v2\/comments?post=1758"}],"version-history":[{"count":19,"href":"https:\/\/tuzi.travel\/me\/wp-json\/wp\/v2\/pages\/1758\/revisions"}],"predecessor-version":[{"id":4029,"href":"https:\/\/tuzi.travel\/me\/wp-json\/wp\/v2\/pages\/1758\/revisions\/4029"}],"wp:attachment":[{"href":"https:\/\/tuzi.travel\/me\/wp-json\/wp\/v2\/media?parent=1758"}],"curies":[{"name":"wp","href":"https:\/\/api.w.org\/{rel}","templated":true}]}}